{"id":187,"date":"2024-06-10T08:15:37","date_gmt":"2024-06-10T08:15:37","guid":{"rendered":"https:\/\/raw.githubusercontent.com\/drfuri\/demo-content\/main\/ecomus\/fashion\/images\/?page_id=187"},"modified":"2025-10-19T21:31:10","modified_gmt":"2025-10-19T19:31:10","slug":"legal-information","status":"publish","type":"page","link":"https:\/\/frenchbull.fr\/en\/legal-information\/","title":{"rendered":"Legal information"},"content":{"rendered":"<div data-elementor-type=\"wp-page\" data-elementor-id=\"187\" class=\"elementor elementor-187\">\n\t\t\t\t<div class=\"elementor-element elementor-element-4c7aed8 e-flex e-con-boxed ecomus-responsive-column ecomus-tablet-column--default ecomus-responsive-column ecomus-mobile-column--default ecomus-responsive-column ecomus-motion--var(--position) e-con e-parent\" data-id=\"4c7aed8\" data-element_type=\"container\" data-e-type=\"container\" data-settings=\"{&quot;background_background&quot;:&quot;classic&quot;}\">\n\t\t\t\t\t<div class=\"e-con-inner\">\n\t\t<div class=\"elementor-element elementor-element-ba5fb0d e-con-full e-flex ecomus-responsive-column ecomus-tablet-column--default ecomus-responsive-column ecomus-mobile-column--default ecomus-responsive-column ecomus-motion--var(--position) e-con e-child\" data-id=\"ba5fb0d\" data-element_type=\"container\" data-e-type=\"container\">\n\t\t\t\t<div class=\"elementor-element elementor-element-e70bce2 elementor-widget__width-inherit elementor-widget elementor-widget-heading\" data-id=\"e70bce2\" data-element_type=\"widget\" data-e-type=\"widget\" data-widget_type=\"heading.default\">\n\t\t\t\t\t<h2 class=\"elementor-heading-title elementor-size-default\">LEGAL<\/h2>\t\t\t\t<\/div>\n\t\t\t\t<div class=\"elementor-element elementor-element-95f6279 elementor-widget__width-initial elementor-widget elementor-widget-heading\" data-id=\"95f6279\" data-element_type=\"widget\" data-e-type=\"widget\" data-widget_type=\"heading.default\">\n\t\t\t\t\t<h2 class=\"elementor-heading-title elementor-size-default\">Legal information<\/h2>\t\t\t\t<\/div>\n\t\t\t\t<div class=\"elementor-element elementor-element-b1c0718 elementor-widget elementor-widget-text-editor\" data-id=\"b1c0718\" data-element_type=\"widget\" data-e-type=\"widget\" data-widget_type=\"text-editor.default\">\n\t\t\t\t\t\t\t\t\tEffective 20 September 2025\t\t\t\t\t\t\t\t<\/div>\n\t\t\t\t<\/div>\n\t\t\t\t\t<\/div>\n\t\t\t\t<\/div>\n\t\t<div class=\"elementor-element elementor-element-78b7994 e-flex e-con-boxed ecomus-responsive-column ecomus-tablet-column--default ecomus-responsive-column ecomus-mobile-column--default ecomus-responsive-column ecomus-motion--var(--position) e-con e-parent\" data-id=\"78b7994\" data-element_type=\"container\" data-e-type=\"container\">\n\t\t\t\t\t<div class=\"e-con-inner\">\n\t\t\t\t<div class=\"elementor-element elementor-element-7b640da elementor-widget elementor-widget-text-editor\" data-id=\"7b640da\" data-element_type=\"widget\" data-e-type=\"widget\" data-widget_type=\"text-editor.default\">\n\t\t\t\t\t\t\t\t\t<h6 data-start=\"302\" data-end=\"322\">1. Site editor<\/h6>\nThe website\u00a0<strong data-start=\"332\" data-end=\"353\"><a class=\"decorated-link\" href=\"https:\/\/frenchbull.fr\/en\/\" target=\"_new\" rel=\"noopener\" data-start=\"334\" data-end=\"351\">www.frenchbull.fr<\/a><\/strong>\u00a0is published by\u00a0<strong data-start=\"379\" data-end=\"394\">FRENCH BULL<\/strong>,<br data-start=\"395\" data-end=\"398\" \/>SAS (simplified joint stock company) with share capital of\u00a0<strong data-start=\"456\" data-end=\"467\">4 500 \u20ac<\/strong>,<br data-start=\"468\" data-end=\"471\" \/>registered at\u00a0<strong data-start=\"487\" data-end=\"536\">Paris Trade and Companies Register<\/strong>\u00a0under the number\u00a0<strong data-start=\"552\" data-end=\"567\">940 037 674<\/strong>,<br data-start=\"568\" data-end=\"571\" \/>whose registered office is located at\u00a0<strong data-start=\"602\" data-end=\"646\">60 rue Fran\u00e7ois Ier, 75008 Paris, France<\/strong>.\n<p data-start=\"651\" data-end=\"776\"><strong data-start=\"651\" data-end=\"689\">VAT number :<\/strong>\u00a0FR24940037674<br data-start=\"703\" data-end=\"706\" \/><strong data-start=\"706\" data-end=\"722\">Directors:<\/strong>\u00a0Matthieu Anjorand and Sonia Fontaine<br data-start=\"758\" data-end=\"761\" \/><strong data-start=\"761\" data-end=\"774\">Contact:<\/strong><\/p>\n\n<ul data-start=\"777\" data-end=\"847\">\n \t<li data-start=\"777\" data-end=\"810\">\n<p data-start=\"779\" data-end=\"810\">Email :\u00a0<a class=\"decorated-link cursor-pointer\" rel=\"noopener\" data-start=\"787\" data-end=\"808\">contact@frenchbull.fr<\/a><\/p>\n<\/li>\n \t<li data-start=\"777\" data-end=\"810\">\n<p data-start=\"779\" data-end=\"810\">Telephone : <a href=\"tel:+33 (0)6 75 01 77 73\">+33 (0)6 75 01 77 73<\/a><\/p>\n<\/li>\n<\/ul>\n<h6 data-start=\"849\" data-end=\"874\">2. Site hosting<\/h6>\n<p data-start=\"875\" data-end=\"1052\">The site is hosted by\u00a0<strong data-start=\"899\" data-end=\"910\">OVH SAS<\/strong>,<br data-start=\"911\" data-end=\"914\" \/>2 rue Kellermann, 59100 Roubaix, France.<br data-start=\"954\" data-end=\"957\" \/>RCS Lille M\u00e9tropole 424 761 419 00045<br data-start=\"994\" data-end=\"997\" \/>Telephone: +33 (0)9 72 10 10 07<br data-start=\"1029\" data-end=\"1032\" \/>Site :\u00a0<a class=\"decorated-link cursor-pointer\" target=\"_new\" rel=\"noopener\" data-start=\"1039\" data-end=\"1050\">www.ovh.com<\/a><\/p>\n\n<h6 data-start=\"1054\" data-end=\"1084\">3. Intellectual property rights<\/h6>\n<p data-start=\"1085\" data-end=\"1325\">All content on the site\u00a0<a class=\"decorated-link\" href=\"https:\/\/frenchbull.fr\/en\/\" target=\"_new\" rel=\"noopener\" data-start=\"1127\" data-end=\"1144\">www.frenchbull.fr<\/a>\u00a0(text, images, logos, graphics, videos, downloadable documents, general site structure, etc.) is the exclusive property of\u00a0<strong data-start=\"1280\" data-end=\"1295\">FRENCH BULL<\/strong>, unless otherwise indicated.<\/p>\n<p data-start=\"1327\" data-end=\"1605\">Any reproduction, representation, modification, publication, transmission or distortion, in whole or in part, of the site or its content, by any process whatsoever, and on any medium whatsoever, is prohibited without the prior written authorisation of FRENCH BULL.<\/p>\n<p data-start=\"1607\" data-end=\"1831\">Any unauthorised use of the site or its content is the responsibility of the user and constitutes an infringement punishable by articles\u00a0<strong data-start=\"1766\" data-end=\"1828\">L.335-2 et seq. of the French Intellectual Property Code<\/strong>.<\/p>\n\n<h6 data-start=\"1833\" data-end=\"1853\">4. Liability<\/h6>\n<p data-start=\"1854\" data-end=\"2028\">FRENCH BULL makes every effort to ensure that the information published on its website is accurate and up-to-date. However, the company cannot be held responsible for :<\/p>\n\n<ul data-start=\"2029\" data-end=\"2250\">\n \t<li data-start=\"2029\" data-end=\"2098\">\n<p data-start=\"2031\" data-end=\"2098\">service interruptions or technical malfunctions,<\/p>\n<\/li>\n \t<li data-start=\"2099\" data-end=\"2154\">\n<p data-start=\"2101\" data-end=\"2154\">errors or omissions in the published content,<\/p>\n<\/li>\n \t<li data-start=\"2155\" data-end=\"2250\">\n<p data-start=\"2157\" data-end=\"2250\">the use that may be made of the information and content on the site.<\/p>\n<\/li>\n<\/ul>\n<p data-start=\"2252\" data-end=\"2328\">Users acknowledge that they use the site under their sole responsibility.<\/p>\n\n<h6 data-start=\"2330\" data-end=\"2367\">5. Personal data and cookies<\/h6>\n<p data-start=\"2368\" data-end=\"2525\">The management of personal data and the use of cookies are governed by French law.\u00a0<strong data-start=\"2452\" data-end=\"2484\">Privacy policy<\/strong>\u00a0available on the website (see Appendix 5).<\/p>\n<p data-start=\"2527\" data-end=\"2894\">In accordance with\u00a0<strong data-start=\"2543\" data-end=\"2587\">Regulation (EU) 2016\/679 of 27 April 2016<\/strong>\u00a0(RGPD) and the\u00a0<strong data-start=\"2603\" data-end=\"2662\">the amended Data Protection Act of 6 January 1978<\/strong>, You have the right to access, rectify, delete, limit, oppose and port your data.<br data-start=\"2790\" data-end=\"2793\" \/>You can exercise these rights by contacting us at the following address\u00a0<strong data-start=\"2866\" data-end=\"2891\"><a class=\"decorated-link cursor-pointer\" rel=\"noopener\" data-start=\"2868\" data-end=\"2889\">contact@frenchbull.fr<\/a><\/strong>.<\/p>\n\n<h6 data-start=\"2896\" data-end=\"2918\">6. Applicable law<\/h6>\n<p data-start=\"2896\" data-end=\"2918\">This legal notice is governed by French law.<br data-start=\"2982\" data-end=\"2985\" \/>In the event of a dispute, and except in the case of mandatory legal provisions to the contrary, the competent courts of\u00a0<strong data-start=\"3084\" data-end=\"3093\">Paris<\/strong>\u00a0will have exclusive jurisdiction.<\/p>\t\t\t\t\t\t\t\t<\/div>\n\t\t\t\t\t<\/div>\n\t\t\t\t<\/div>\n\t\t\t\t<\/div>","protected":false},"excerpt":{"rendered":"<p>LEGAL Mentions L\u00e9gales En vigueur, le 20 septembre 2025 1. \u00c9diteur du site Le site\u00a0www.frenchbull.fr\u00a0est \u00e9dit\u00e9 par la soci\u00e9t\u00e9\u00a0FRENCH BULL,SAS (soci\u00e9t\u00e9 par actions simplifi\u00e9e) au capital social de\u00a04 500 \u20ac,immatricul\u00e9e au\u00a0Registre du Commerce et des Soci\u00e9t\u00e9s de Paris\u00a0sous le num\u00e9ro\u00a0940 037 674,dont le si\u00e8ge social est situ\u00e9\u00a060 rue Fran\u00e7ois Ier, 75008 Paris, France. Num\u00e9ro de [&hellip;]<\/p>\n","protected":false},"author":1,"featured_media":0,"parent":0,"menu_order":0,"comment_status":"closed","ping_status":"closed","template":"","meta":{"footnotes":""},"class_list":["post-187","page","type-page","status-publish","hentry"],"jetpack_sharing_enabled":true,"_links":{"self":[{"href":"https:\/\/frenchbull.fr\/en\/wp-json\/wp\/v2\/pages\/187","targetHints":{"allow":["GET"]}}],"collection":[{"href":"https:\/\/frenchbull.fr\/en\/wp-json\/wp\/v2\/pages"}],"about":[{"href":"https:\/\/frenchbull.fr\/en\/wp-json\/wp\/v2\/types\/page"}],"author":[{"embeddable":true,"href":"https:\/\/frenchbull.fr\/en\/wp-json\/wp\/v2\/users\/1"}],"replies":[{"embeddable":true,"href":"https:\/\/frenchbull.fr\/en\/wp-json\/wp\/v2\/comments?post=187"}],"version-history":[{"count":21,"href":"https:\/\/frenchbull.fr\/en\/wp-json\/wp\/v2\/pages\/187\/revisions"}],"predecessor-version":[{"id":7084,"href":"https:\/\/frenchbull.fr\/en\/wp-json\/wp\/v2\/pages\/187\/revisions\/7084"}],"wp:attachment":[{"href":"https:\/\/frenchbull.fr\/en\/wp-json\/wp\/v2\/media?parent=187"}],"curies":[{"name":"wp","href":"https:\/\/api.w.org\/{rel}","templated":true}]}}