{"id":4393,"date":"2024-07-26T10:56:58","date_gmt":"2024-07-26T10:56:58","guid":{"rendered":"https:\/\/wpecomus.com\/fashion\/?page_id=4393"},"modified":"2025-09-28T23:14:08","modified_gmt":"2025-09-28T21:14:08","slug":"order-tracking","status":"publish","type":"page","link":"https:\/\/frenchbull.fr\/en\/order-tracking\/","title":{"rendered":"Order tracking"},"content":{"rendered":"<div data-elementor-type=\"wp-page\" data-elementor-id=\"4393\" class=\"elementor elementor-4393\">\n\t\t\t\t<div class=\"elementor-element elementor-element-60e8ea9 e-flex e-con-boxed ecomus-responsive-column ecomus-tablet-column--default ecomus-responsive-column ecomus-mobile-column--default ecomus-responsive-column ecomus-motion--var(--position) e-con e-parent\" data-id=\"60e8ea9\" data-element_type=\"container\" data-e-type=\"container\">\n\t\t\t\t\t<div class=\"e-con-inner\">\n\t\t\t\t<div class=\"elementor-element elementor-element-4089ca9 elementor-widget elementor-widget-shortcode\" data-id=\"4089ca9\" data-element_type=\"widget\" data-e-type=\"widget\" data-widget_type=\"shortcode.default\">\n\t\t\t\t\t\t\t<div class=\"elementor-shortcode\"><div class=\"woocommerce\"><\/div><\/div>\n\t\t\t\t\t\t<\/div>\n\t\t\t\t\t<\/div>\n\t\t\t\t<\/div>\n\t\t\t\t<\/div>\n\t\t                <div id=\"whols_user_reg_message\" class=\"whols_user_reg_message\"><\/div>\n                <div class=\"whols_registration_form\">\n                    <form action=\"\" class=\"whols_registration_action woocommerce-billing-fields\" enctype=\"multipart\/form-data\" data-trp-original-action=\"\">\n                        <p class=\"whols-form-row validate-required type--text\" id=\"reg_name_field\" data-priority=\"99\"><label for=\"reg_name\" class=\"\">First name Last name&nbsp;<abbr class=\"required\" title=\"required\">*<\/abbr><\/label><span class=\"whols-input-wrapper\"><input type=\"text\" class=\"input-text\" name=\"reg_name\" id=\"reg_name\" placeholder=\"\"  value=\"\"   required=\"required\"   \/><\/span><\/p><p class=\"whols-form-row validate-required type--email\" id=\"reg_email_field\" data-priority=\"99\"><label for=\"reg_email\" class=\"\">Mail&nbsp;<abbr class=\"required\" title=\"required\">*<\/abbr><\/label><span class=\"whols-input-wrapper\"><input type=\"email\" class=\"input-text\" name=\"reg_email\" id=\"reg_email\" placeholder=\"\"  value=\"\"   required=\"required\"   \/><\/span><\/p><p class=\"whols-form-row validate-required type--text\" id=\"billing_phone_field\" data-priority=\"99\"><label for=\"billing_phone\" class=\"\">Phone number&nbsp;<abbr class=\"required\" title=\"required\">*<\/abbr><\/label><span class=\"whols-input-wrapper\"><input type=\"text\" class=\"input-text\" name=\"billing_phone\" id=\"billing_phone\" placeholder=\"\"  value=\"\"   required=\"required\"   \/><\/span><\/p><p class=\"whols-form-row validate-required type--text\" id=\"billing_company_field\" data-priority=\"99\"><label for=\"billing_company\" class=\"\">Company name&nbsp;<abbr class=\"required\" title=\"required\">*<\/abbr><\/label><span class=\"whols-input-wrapper\"><input type=\"text\" class=\"input-text\" name=\"billing_company\" id=\"billing_company\" placeholder=\"\"  value=\"\"   required=\"required\"   \/><\/span><\/p><p class=\"whols-form-row validate-required type--text\" id=\"_whols_numero_siret_field\" data-priority=\"99\"><label for=\"_whols_numero_siret\" class=\"\">Siret number (14 digits)&nbsp;<abbr class=\"required\" title=\"required\">*<\/abbr><\/label><span class=\"whols-input-wrapper\"><input type=\"text\" class=\"input-text\" name=\"_whols_numero_siret\" id=\"_whols_numero_siret\" placeholder=\"\"  value=\"\"   required=\"required\"   \/><\/span><\/p><p class=\"whols-form-row validate-required type--file\" id=\"_whols_extrait_kbis_field\" data-priority=\"99\"><label for=\"_whols_extrait_kbis\" class=\"\">Your KBIS extract&nbsp;<abbr class=\"required\" title=\"required\">*<\/abbr><\/label><span class=\"whols-input-wrapper\"><input type=\"file\" class=\"input-text\" name=\"_whols_extrait_kbis\" id=\"_whols_extrait_kbis\"  accept=\"image\/*\"  \/><\/span><\/p><p class=\"whols-form-row validate-required type--text\" id=\"reg_username_field\" data-priority=\"99\"><label for=\"reg_username\" class=\"\">Identifier&nbsp;<abbr class=\"required\" title=\"required\">*<\/abbr><\/label><span class=\"whols-input-wrapper\"><input type=\"text\" class=\"input-text\" name=\"reg_username\" id=\"reg_username\" placeholder=\"Your login\"  value=\"\"   required=\"required\"   \/><\/span><\/p><p class=\"whols-form-row validate-required type--password\" id=\"reg_password_field\" data-priority=\"99\"><label for=\"reg_password\" class=\"\">Password&nbsp;<abbr class=\"required\" title=\"required\">*<\/abbr><\/label><span class=\"whols-input-wrapper\"><input type=\"password\" class=\"input-text\" name=\"reg_password\" id=\"reg_password\" placeholder=\"Your password\"  value=\"\"   required=\"required\"   \/><\/span><\/p>\n                                <button type=\"submit\" \n                name=\"reg_submit\" \n                id=\"whols_reg_submit\" \n                class=\"button button-primary\"\n                value=\"S&#039;inscrire en tant que professionnel\">\n            Register as a professional        <\/button>\n                            <input type=\"hidden\" name=\"trp-form-language\" value=\"en\"\/><\/form>\n                <\/div>","protected":false},"excerpt":{"rendered":"<p>Pr\u00e9nom Nom&nbsp;* Mail&nbsp;* Num\u00e9ro de t\u00e9l\u00e9phone&nbsp;* Nom de votre soci\u00e9t\u00e9&nbsp;* Num\u00e9ro de Siret (14 chiffres)&nbsp;* Votre extrait KBIS&nbsp;* Identifiant&nbsp;* Mot de passe&nbsp;* S&rsquo;inscrire en tant que professionnel<\/p>","protected":false},"author":1,"featured_media":0,"parent":0,"menu_order":0,"comment_status":"closed","ping_status":"closed","template":"","meta":{"footnotes":""},"class_list":["post-4393","page","type-page","status-publish","hentry"],"jetpack_sharing_enabled":true,"_links":{"self":[{"href":"https:\/\/frenchbull.fr\/en\/wp-json\/wp\/v2\/pages\/4393","targetHints":{"allow":["GET"]}}],"collection":[{"href":"https:\/\/frenchbull.fr\/en\/wp-json\/wp\/v2\/pages"}],"about":[{"href":"https:\/\/frenchbull.fr\/en\/wp-json\/wp\/v2\/types\/page"}],"author":[{"embeddable":true,"href":"https:\/\/frenchbull.fr\/en\/wp-json\/wp\/v2\/users\/1"}],"replies":[{"embeddable":true,"href":"https:\/\/frenchbull.fr\/en\/wp-json\/wp\/v2\/comments?post=4393"}],"version-history":[{"count":1,"href":"https:\/\/frenchbull.fr\/en\/wp-json\/wp\/v2\/pages\/4393\/revisions"}],"predecessor-version":[{"id":6849,"href":"https:\/\/frenchbull.fr\/en\/wp-json\/wp\/v2\/pages\/4393\/revisions\/6849"}],"wp:attachment":[{"href":"https:\/\/frenchbull.fr\/en\/wp-json\/wp\/v2\/media?parent=4393"}],"curies":[{"name":"wp","href":"https:\/\/api.w.org\/{rel}","templated":true}]}}